{"id":145,"date":"2019-02-20T08:39:12","date_gmt":"2019-02-20T08:39:12","guid":{"rendered":"https:\/\/enovathemes.com\/samatex2\/?page_id=145"},"modified":"2020-01-29T13:55:48","modified_gmt":"2020-01-29T13:55:48","slug":"servicios","status":"publish","type":"page","link":"https:\/\/ferresolda.com\/index.php\/servicios\/","title":{"rendered":"Servicios"},"content":{"rendered":"\t\t<div data-elementor-type=\"wp-page\" data-elementor-id=\"145\" class=\"elementor elementor-145\" data-elementor-settings=\"[]\">\n\t\t\t<div class=\"elementor-inner\">\n\t\t\t\t<div class=\"elementor-section-wrap\">\n\t\t\t\t\t\t\t<section class=\"elementor-element elementor-element-7b2b2843 elementor-section-boxed elementor-section-height-default elementor-section-height-default elementor-section elementor-top-section\" data-id=\"7b2b2843\" data-element_type=\"section\" id=\"album\" data-settings=\"{&quot;background_background&quot;:&quot;classic&quot;}\">\n\t\t\t\t\t\t<div class=\"elementor-container elementor-column-gap-default\">\n\t\t\t\t<div class=\"elementor-row\">\n\t\t\t\t<div class=\"elementor-element elementor-element-535dfc63 elementor-column elementor-col-100 elementor-top-column\" data-id=\"535dfc63\" data-element_type=\"column\">\n\t\t\t<div class=\"elementor-column-wrap  elementor-element-populated\">\n\t\t\t\t\t<div class=\"elementor-widget-wrap\">\n\t\t\t\t<div class=\"elementor-element elementor-element-09fe4b6 elementor-widget elementor-widget-jet-tabs\" data-id=\"09fe4b6\" data-element_type=\"widget\" data-widget_type=\"jet-tabs.default\">\n\t\t\t\t<div class=\"elementor-widget-container\">\n\t\t\t\t\t<div class=\"jet-tabs jet-tabs-position-left jet-tabs-move-up-effect jet-tabs-ajax-template jet-tabs-position-tablet-top jet-tabs-position-mobile-top\" data-settings=\"{&quot;activeIndex&quot;:0,&quot;event&quot;:&quot;click&quot;,&quot;autoSwitch&quot;:false,&quot;autoSwitchDelay&quot;:3000,&quot;ajaxTemplate&quot;:true}\" role=\"tablist\">\n\t\t\t<div class=\"jet-tabs__control-wrapper\">\n\t\t\t\t<div id=\"jet-tabs-control-1041\" class=\"jet-tabs__control jet-tabs__control-icon-left elementor-menu-anchor active-tab\" data-tab=\"1\" tabindex=\"1041\" role=\"tab\" aria-controls=\"jet-tabs-content-1041\" aria-expanded=\"true\" data-template-id=\"1213\"><div class=\"jet-tabs__control-inner\"><div class=\"jet-tabs__label-text\">Metalizaci\u00f3n<\/div><\/div><\/div><div id=\"jet-tabs-control-1042\" class=\"jet-tabs__control jet-tabs__control-icon-left elementor-menu-anchor \" data-tab=\"2\" tabindex=\"1042\" role=\"tab\" aria-controls=\"jet-tabs-content-1042\" aria-expanded=\"false\" data-template-id=\"1254\"><div class=\"jet-tabs__control-inner\"><div class=\"jet-tabs__label-text\">Mecanizado<\/div><\/div><\/div><div id=\"jet-tabs-control-1043\" class=\"jet-tabs__control jet-tabs__control-icon-left elementor-menu-anchor \" data-tab=\"3\" tabindex=\"1043\" role=\"tab\" aria-controls=\"jet-tabs-content-1043\" aria-expanded=\"false\" data-template-id=\"1296\"><div class=\"jet-tabs__control-inner\"><div class=\"jet-tabs__label-text\">Tornillos y Cilindros para Inyecci\u00f3n y Extrusi\u00f3n<\/div><\/div><\/div><div id=\"jet-tabs-control-1044\" class=\"jet-tabs__control jet-tabs__control-icon-left elementor-menu-anchor \" data-tab=\"4\" tabindex=\"1044\" role=\"tab\" aria-controls=\"jet-tabs-content-1044\" aria-expanded=\"false\" data-template-id=\"1280\"><div class=\"jet-tabs__control-inner\"><div class=\"jet-tabs__label-text\">Soldaduras de Mantenimiento<\/div><\/div><\/div><div id=\"jet-tabs-control-1045\" class=\"jet-tabs__control jet-tabs__control-icon-left elementor-menu-anchor \" data-tab=\"5\" tabindex=\"1045\" role=\"tab\" aria-controls=\"jet-tabs-content-1045\" aria-expanded=\"false\" data-template-id=\"1290\"><div class=\"jet-tabs__control-inner\"><div class=\"jet-tabs__label-text\">Ingenier\u00eda, Innovaci\u00f3n y Desarrollo (I+D)<\/div><\/div><\/div>\t\t\t<\/div>\n\t\t\t<div class=\"jet-tabs__content-wrapper\">\n\t\t\t\t<div id=\"jet-tabs-content-1041\" class=\"jet-tabs__content active-content\" data-tab=\"1\" role=\"tabpanel\" aria-hidden=\"false\" data-template-id=\"1213\"><div class=\"jet-tabs-loader\"><\/div><\/div><div id=\"jet-tabs-content-1042\" class=\"jet-tabs__content \" data-tab=\"2\" role=\"tabpanel\" aria-hidden=\"true\" data-template-id=\"1254\"><div class=\"jet-tabs-loader\"><\/div><\/div><div id=\"jet-tabs-content-1043\" class=\"jet-tabs__content \" data-tab=\"3\" role=\"tabpanel\" aria-hidden=\"true\" data-template-id=\"1296\"><div class=\"jet-tabs-loader\"><\/div><\/div><div id=\"jet-tabs-content-1044\" class=\"jet-tabs__content \" data-tab=\"4\" role=\"tabpanel\" aria-hidden=\"true\" data-template-id=\"1280\"><div class=\"jet-tabs-loader\"><\/div><\/div><div id=\"jet-tabs-content-1045\" class=\"jet-tabs__content \" data-tab=\"5\" role=\"tabpanel\" aria-hidden=\"true\" data-template-id=\"1290\"><div class=\"jet-tabs-loader\"><\/div><\/div>\t\t\t<\/div>\n\t\t<\/div>\n\t\t\t\t<\/div>\n\t\t\t\t<\/div>\n\t\t\t\t\t\t<\/div>\n\t\t\t<\/div>\n\t\t<\/div>\n\t\t\t\t\t\t<\/div>\n\t\t\t<\/div>\n\t\t<\/section>\n\t\t\t\t<section class=\"elementor-element elementor-element-57408b1 elementor-section-boxed elementor-section-height-default elementor-section-height-default elementor-section elementor-top-section\" data-id=\"57408b1\" data-element_type=\"section\">\n\t\t\t\t\t\t<div class=\"elementor-container elementor-column-gap-default\">\n\t\t\t\t<div class=\"elementor-row\">\n\t\t\t\t<div class=\"elementor-element elementor-element-dd859a6 elementor-column elementor-col-100 elementor-top-column\" data-id=\"dd859a6\" data-element_type=\"column\">\n\t\t\t<div class=\"elementor-column-wrap  elementor-element-populated\">\n\t\t\t\t\t<div class=\"elementor-widget-wrap\">\n\t\t\t\t<div class=\"elementor-element elementor-element-03bb538 elementor-widget elementor-widget-spacer\" data-id=\"03bb538\" data-element_type=\"widget\" data-widget_type=\"spacer.default\">\n\t\t\t\t<div class=\"elementor-widget-container\">\n\t\t\t\t\t<div class=\"elementor-spacer\">\n\t\t\t<div class=\"elementor-spacer-inner\"><\/div>\n\t\t<\/div>\n\t\t\t\t<\/div>\n\t\t\t\t<\/div>\n\t\t\t\t\t\t<\/div>\n\t\t\t<\/div>\n\t\t<\/div>\n\t\t\t\t\t\t<\/div>\n\t\t\t<\/div>\n\t\t<\/section>\n\t\t\t\t\t\t<\/div>\n\t\t\t<\/div>\n\t\t<\/div>\n\t\t","protected":false},"excerpt":{"rendered":"<p>Metalizaci\u00f3nMecanizadoTornillos y Cilindros para Inyecci\u00f3n y Extrusi\u00f3nSoldaduras de MantenimientoIngenier\u00eda, Innovaci\u00f3n y Desarrollo (I+D)<\/p>\n","protected":false},"author":1,"featured_media":0,"parent":0,"menu_order":0,"comment_status":"closed","ping_status":"closed","template":"page-vc.php","meta":[],"_links":{"self":[{"href":"https:\/\/ferresolda.com\/index.php\/wp-json\/wp\/v2\/pages\/145"}],"collection":[{"href":"https:\/\/ferresolda.com\/index.php\/wp-json\/wp\/v2\/pages"}],"about":[{"href":"https:\/\/ferresolda.com\/index.php\/wp-json\/wp\/v2\/types\/page"}],"author":[{"embeddable":true,"href":"https:\/\/ferresolda.com\/index.php\/wp-json\/wp\/v2\/users\/1"}],"replies":[{"embeddable":true,"href":"https:\/\/ferresolda.com\/index.php\/wp-json\/wp\/v2\/comments?post=145"}],"version-history":[{"count":75,"href":"https:\/\/ferresolda.com\/index.php\/wp-json\/wp\/v2\/pages\/145\/revisions"}],"predecessor-version":[{"id":1484,"href":"https:\/\/ferresolda.com\/index.php\/wp-json\/wp\/v2\/pages\/145\/revisions\/1484"}],"wp:attachment":[{"href":"https:\/\/ferresolda.com\/index.php\/wp-json\/wp\/v2\/media?parent=145"}],"curies":[{"name":"wp","href":"https:\/\/api.w.org\/{rel}","templated":true}]}}